{"id":69,"date":"2024-01-18T09:37:28","date_gmt":"2024-01-18T09:37:28","guid":{"rendered":"https:\/\/roland-mueller.jetzt\/?page_id=69"},"modified":"2024-02-26T12:17:32","modified_gmt":"2024-02-26T12:17:32","slug":"berufliches","status":"publish","type":"page","link":"https:\/\/roland-mueller.jetzt\/index.php\/berufliches\/","title":{"rendered":"Beruf"},"content":{"rendered":"\n<div class=\"wp-block-group alignfull has-base-2-color has-text-color has-background has-link-color wp-elements-126b61dba6e4f8a55b017cbaca8bdf6d has-global-padding is-layout-constrained wp-container-core-group-is-layout-490fa1db wp-block-group-is-layout-constrained\" style=\"background-color:#52b7c1;padding-top:var(--wp--preset--spacing--50);padding-right:var(--wp--preset--spacing--50);padding-bottom:var(--wp--preset--spacing--50);padding-left:var(--wp--preset--spacing--50)\">\n<div class=\"wp-block-group has-global-padding is-layout-constrained wp-container-core-group-is-layout-650790e1 wp-block-group-is-layout-constrained\">\n<ul class=\"wp-block-list\">\n<li>Als Gesch\u00e4ftsf\u00fchrer der Kreishandwerkerschaft Heilbronn-\u00d6hringen bin ich verantwortlich f\u00fcr die <strong>Vertretung und Unterst\u00fctzung<\/strong> von <strong>30 Organisationen<\/strong> des Handwerks und deren angeschlossenen rund <strong>3.500 Betrieben<\/strong> darunter\n<ul class=\"wp-block-list\">\n<li>Landesinnungsverband Steinmetz-\/Steinbildhauerhandwerk BW<\/li>\n\n\n\n<li>Vereinigung der Modell- und Formenbaubetriebe BW e.V.<\/li>\n\n\n\n<li>Verband des Deutschen Fass- und Weink\u00fcferhandwerks e.V.<\/li>\n\n\n\n<li>Zentralverband Raum und Ausstattung<\/li>\n\n\n\n<li><\/li>\n<\/ul>\n<\/li>\n\n\n\n<li><strong>Beamtenlaufbahn<\/strong> bei der Stadt HN bis 1994. Sachgebiete im Ordnungsamt: Kreisjagdamt, Lebensmittel\u00fcberwachung, Waffen- und Sprengstoffrecht, u. a.<\/li>\n<\/ul>\n\n\n\n<div style=\"height:1.25rem\" aria-hidden=\"true\" class=\"wp-block-spacer\"><\/div>\n<\/div>\n<\/div>\n\n\n\n<div class=\"wp-block-group alignfull has-base-2-background-color has-background has-global-padding is-layout-constrained wp-container-core-group-is-layout-669513ed wp-block-group-is-layout-constrained\" style=\"margin-top:0;margin-bottom:0;padding-top:var(--wp--preset--spacing--50);padding-right:var(--wp--preset--spacing--50);padding-bottom:var(--wp--preset--spacing--50);padding-left:var(--wp--preset--spacing--50)\">\n<div class=\"wp-block-columns alignwide is-layout-flex wp-container-core-columns-is-layout-d0bbbce0 wp-block-columns-is-layout-flex\">\n<div class=\"wp-block-column is-layout-flow wp-container-core-column-is-layout-e3d1c41b wp-block-column-is-layout-flow\">\n<h3 class=\"wp-block-heading has-text-align-left is-style-asterisk has-body-font-family has-medium-font-size\" style=\"font-style:normal;font-weight:600\">Im Handwerk angekommen<\/h3>\n\n\n\n<p class=\"has-text-align-left\">Mitte der 90er wollte ich Neues bewegen. Also raus aus dem Beamtenverh\u00e4ltnis und rein ins Handwerk. Eine Aufgabe, welche mich bis heute erf\u00fcllt. Mein berufliches zu Hause.<\/p>\n<\/div>\n\n\n\n<div class=\"wp-block-column is-layout-flow wp-container-core-column-is-layout-e3d1c41b wp-block-column-is-layout-flow\">\n<h3 class=\"wp-block-heading has-text-align-left is-style-asterisk has-body-font-family has-medium-font-size\" style=\"font-style:normal;font-weight:600\"><strong>Gleichberechtigung f\u00fcr den Mann<\/strong><\/h3>\n\n\n\n<p>In den <strong>80er Jahren<\/strong> war ich <strong>nebenberuflich<\/strong> auf den guten Geruch gekommen. Als erster <strong>m\u00e4nnlicher Verk\u00e4ufer <\/strong>in den regionalen Filialen der <strong>Douglas<\/strong>-Parf\u00fcmerie bekam ich einen Einblick in den Einzelhandel und den damit verbundenen Herausforderungen.<\/p>\n\n\n\n<h3 class=\"wp-block-heading has-text-align-left is-style-asterisk has-body-font-family has-medium-font-size\" style=\"font-style:normal;font-weight:600\"><strong>Vorliebe f\u00fcr Croissants<\/strong><\/h3>\n\n\n\n<p>Anfang der <strong>2000er Jahre<\/strong>  habe ich in <strong>Luxemburg<\/strong>  eine <strong>Boulangerie \/ Patisserie<\/strong> markttechnisch beraten und deren Homepage entwickelt.<\/p>\n<\/div>\n\n\n\n<div class=\"wp-block-column is-layout-flow wp-container-core-column-is-layout-e3d1c41b wp-block-column-is-layout-flow\">\n<h3 class=\"wp-block-heading has-text-align-left is-style-asterisk has-body-font-family has-medium-font-size\" style=\"font-style:normal;font-weight:600\"><strong>Berufsstart: Beamter<\/strong><\/h3>\n\n\n\n<p>beim Oberzentrum <strong>Heilbronn<\/strong>. In Themen wie Heimaufsicht, Unterbringung von Personen und dem Obdachlosenwesen begegnete ich den Schicksalen vieler Menschen. Die Erfahrungen haben mich gepr\u00e4gt und weiterentwickelt. <\/p>\n\n\n\n<p>Bereits 1989 war ich als Jurymitglied des Wettbewerbs &#8222;<strong>Gute Gastst\u00e4tte in Heilbronn&#8220;<\/strong> mit ein Wegbereiter der guten Gastronomie in Heilbronn.\u263a\ufe0f<\/p>\n<\/div>\n<\/div>\n\n\n\n<div style=\"height:var(--wp--preset--spacing--20)\" aria-hidden=\"true\" class=\"wp-block-spacer\"><\/div>\n\n\n\n<figure class=\"wp-block-image size-full\"><img loading=\"lazy\" decoding=\"async\" width=\"1000\" height=\"375\" src=\"https:\/\/roland-mueller.jetzt\/wp-content\/uploads\/2024\/01\/image_kleiner-1.png\" alt=\"\" class=\"wp-image-71\" srcset=\"https:\/\/roland-mueller.jetzt\/wp-content\/uploads\/2024\/01\/image_kleiner-1.png 1000w, https:\/\/roland-mueller.jetzt\/wp-content\/uploads\/2024\/01\/image_kleiner-1-300x113.png 300w, https:\/\/roland-mueller.jetzt\/wp-content\/uploads\/2024\/01\/image_kleiner-1-768x288.png 768w\" sizes=\"auto, (max-width: 1000px) 100vw, 1000px\" \/><figcaption class=\"wp-element-caption\">Heilbronner Stimme 1989<\/figcaption><\/figure>\n<\/div>\n","protected":false},"excerpt":{"rendered":"<p>Im Handwerk angekommen Mitte der 90er wollte ich Neues bewegen. Also raus aus dem Beamtenverh\u00e4ltnis und rein ins Handwerk. Eine Aufgabe, welche mich bis heute erf\u00fcllt. Mein berufliches zu Hause. Gleichberechtigung f\u00fcr den Mann In den 80er Jahren war ich nebenberuflich auf den guten Geruch gekommen. Als erster m\u00e4nnlicher Verk\u00e4ufer in den regionalen Filialen der [&hellip;]<\/p>\n","protected":false},"author":1,"featured_media":0,"parent":0,"menu_order":2,"comment_status":"closed","ping_status":"closed","template":"","meta":{"footnotes":""},"class_list":["post-69","page","type-page","status-publish","hentry"],"_links":{"self":[{"href":"https:\/\/roland-mueller.jetzt\/index.php\/wp-json\/wp\/v2\/pages\/69","targetHints":{"allow":["GET"]}}],"collection":[{"href":"https:\/\/roland-mueller.jetzt\/index.php\/wp-json\/wp\/v2\/pages"}],"about":[{"href":"https:\/\/roland-mueller.jetzt\/index.php\/wp-json\/wp\/v2\/types\/page"}],"author":[{"embeddable":true,"href":"https:\/\/roland-mueller.jetzt\/index.php\/wp-json\/wp\/v2\/users\/1"}],"replies":[{"embeddable":true,"href":"https:\/\/roland-mueller.jetzt\/index.php\/wp-json\/wp\/v2\/comments?post=69"}],"version-history":[{"count":14,"href":"https:\/\/roland-mueller.jetzt\/index.php\/wp-json\/wp\/v2\/pages\/69\/revisions"}],"predecessor-version":[{"id":333,"href":"https:\/\/roland-mueller.jetzt\/index.php\/wp-json\/wp\/v2\/pages\/69\/revisions\/333"}],"wp:attachment":[{"href":"https:\/\/roland-mueller.jetzt\/index.php\/wp-json\/wp\/v2\/media?parent=69"}],"curies":[{"name":"wp","href":"https:\/\/api.w.org\/{rel}","templated":true}]}}