{"id":170,"date":"2024-01-26T16:38:35","date_gmt":"2024-01-26T16:38:35","guid":{"rendered":"https:\/\/roland-mueller.jetzt\/?page_id=170"},"modified":"2024-01-29T13:51:07","modified_gmt":"2024-01-29T13:51:07","slug":"170-2","status":"publish","type":"page","link":"https:\/\/roland-mueller.jetzt\/index.php\/170-2\/","title":{"rendered":"Impressum"},"content":{"rendered":"\n<div class=\"wp-block-group alignfull has-border-color has-base-2-color has-text-color has-background has-link-color wp-elements-a87879c538102909310d8408fa0d4fce has-global-padding is-layout-constrained wp-block-group-is-layout-constrained\" style=\"border-color:#52b7c1;background-color:#52b7c1;padding-top:var(--wp--preset--spacing--40);padding-bottom:var(--wp--preset--spacing--40)\">\n<h2 class=\"wp-block-heading has-base-2-color has-text-color has-link-color wp-elements-b3420bf1e9e49134a38946c262e9c5ac\">Angaben gem\u00e4\u00df \u00a7 5 TMG<\/h2>\n\n\n\n<p>Roland M\u00fcller<br>Fai\u00dftstr. 46<br>74076 Heilbronn<\/p>\n\n\n\n<h2 class=\"wp-block-heading has-base-2-color has-text-color has-link-color wp-elements-ae70e115850b8c163375ad60201e23a4\">Kontakt<\/h2>\n\n\n\n<p>Telefon: +491738811644<br>E-Mail: r.r.mueller@gmx.net<\/p>\n\n\n\n<h2 class=\"wp-block-heading has-base-2-color has-text-color has-link-color wp-elements-910e2c58ed19a7e72b177a8292cf0690\">Redaktionell verantwortlich<\/h2>\n\n\n\n<p>Roland M\u00fcller<br>Fai\u00dftstr. 46<br>74076 Heilbronn<\/p>\n<\/div>\n","protected":false},"excerpt":{"rendered":"<p>Angaben gem\u00e4\u00df \u00a7 5 TMG Roland M\u00fcllerFai\u00dftstr. 4674076 Heilbronn Kontakt Telefon: +491738811644E-Mail: r.r.mueller@gmx.net Redaktionell verantwortlich Roland M\u00fcllerFai\u00dftstr. 4674076 Heilbronn<\/p>\n","protected":false},"author":1,"featured_media":0,"parent":0,"menu_order":5,"comment_status":"closed","ping_status":"closed","template":"","meta":{"footnotes":""},"class_list":["post-170","page","type-page","status-publish","hentry"],"_links":{"self":[{"href":"https:\/\/roland-mueller.jetzt\/index.php\/wp-json\/wp\/v2\/pages\/170","targetHints":{"allow":["GET"]}}],"collection":[{"href":"https:\/\/roland-mueller.jetzt\/index.php\/wp-json\/wp\/v2\/pages"}],"about":[{"href":"https:\/\/roland-mueller.jetzt\/index.php\/wp-json\/wp\/v2\/types\/page"}],"author":[{"embeddable":true,"href":"https:\/\/roland-mueller.jetzt\/index.php\/wp-json\/wp\/v2\/users\/1"}],"replies":[{"embeddable":true,"href":"https:\/\/roland-mueller.jetzt\/index.php\/wp-json\/wp\/v2\/comments?post=170"}],"version-history":[{"count":7,"href":"https:\/\/roland-mueller.jetzt\/index.php\/wp-json\/wp\/v2\/pages\/170\/revisions"}],"predecessor-version":[{"id":225,"href":"https:\/\/roland-mueller.jetzt\/index.php\/wp-json\/wp\/v2\/pages\/170\/revisions\/225"}],"wp:attachment":[{"href":"https:\/\/roland-mueller.jetzt\/index.php\/wp-json\/wp\/v2\/media?parent=170"}],"curies":[{"name":"wp","href":"https:\/\/api.w.org\/{rel}","templated":true}]}}